{"id":210,"date":"2020-11-27T10:16:10","date_gmt":"2020-11-27T09:16:10","guid":{"rendered":"http:\/\/verrecchia-cotignac.fr\/?page_id=210"},"modified":"2024-01-30T19:42:25","modified_gmt":"2024-01-30T18:42:25","slug":"le-nouveau-e-mucem-ouvre-ses-portes-2","status":"publish","type":"page","link":"https:\/\/verrecchia-cotignac.fr\/","title":{"rendered":"Accueil"},"content":{"rendered":"\n<div class=\"wp-block-group alignwide is-layout-flow wp-block-group-is-layout-flow\"><div class=\"wp-block-group__inner-container\">\n<p>Verrecchia p\u00e8re et fils, r\u00e9f\u00e9rence qualit\u00e9 depuis 1976 : votre artisan constructeur pour tous vos projets de construction, r\u00e9novation, am\u00e9nagement int\u00e9rieur et terrassement.<\/p>\n\n\n\n<p>Notre entreprise familiale \u00e9tablie \u00e0 Cotignac b\u00e9n\u00e9ficie d\u2019une solide r\u00e9putation r\u00e9gionale. Acquise tout au long de plus de quarante ann\u00e9es d\u2019exercice, celle-ci est jalonn\u00e9e de nombreuses r\u00e9alisations et soulign\u00e9e par la satisfaction de nos clients.<\/p>\n\n\n\n<figure class=\"wp-block-image size-large\"><img loading=\"lazy\" decoding=\"async\" width=\"1024\" height=\"575\" src=\"http:\/\/verrecchia-cotignac.fr\/wp-content\/uploads\/2020\/11\/DJI_0027-1024x575.jpg\" alt=\"\" class=\"wp-image-98\" srcset=\"https:\/\/verrecchia-cotignac.fr\/wp-content\/uploads\/2020\/11\/DJI_0027-1024x575.jpg 1024w, https:\/\/verrecchia-cotignac.fr\/wp-content\/uploads\/2020\/11\/DJI_0027-300x168.jpg 300w, https:\/\/verrecchia-cotignac.fr\/wp-content\/uploads\/2020\/11\/DJI_0027-768x431.jpg 768w, https:\/\/verrecchia-cotignac.fr\/wp-content\/uploads\/2020\/11\/DJI_0027-1200x674.jpg 1200w, https:\/\/verrecchia-cotignac.fr\/wp-content\/uploads\/2020\/11\/DJI_0027.jpg 1500w\" sizes=\"(max-width: 1024px) 100vw, 1024px\" \/><\/figure>\n\n\n\n<p>Nos r\u00e9alisations sont respectueuses des normes et de la r\u00e9glementation. Vous b\u00e9n\u00e9ficiez de l\u2019ensemble des garanties destin\u00e9es \u00e0 votre s\u00e9r\u00e9nit\u00e9 sur le long terme :<\/p>\n\n\n\n<ul>\n<li>garantie d\u00e9cennale,<\/li>\n\n\n\n<li>garantie biennale,<\/li>\n\n\n\n<li>garantie de parfait ach\u00e8vement.<\/li>\n<\/ul>\n\n\n\n<figure class=\"wp-block-image size-large\"><img loading=\"lazy\" decoding=\"async\" width=\"1000\" height=\"667\" src=\"http:\/\/verrecchia-cotignac.fr\/wp-content\/uploads\/2020\/11\/scene_chantier2.jpg\" alt=\"\" class=\"wp-image-207\" srcset=\"https:\/\/verrecchia-cotignac.fr\/wp-content\/uploads\/2020\/11\/scene_chantier2.jpg 1000w, https:\/\/verrecchia-cotignac.fr\/wp-content\/uploads\/2020\/11\/scene_chantier2-300x200.jpg 300w, https:\/\/verrecchia-cotignac.fr\/wp-content\/uploads\/2020\/11\/scene_chantier2-768x512.jpg 768w\" sizes=\"(max-width: 1000px) 100vw, 1000px\" \/><\/figure>\n\n\n\n<figure class=\"wp-block-image size-large is-style-default\"><img loading=\"lazy\" decoding=\"async\" width=\"1000\" height=\"667\" src=\"http:\/\/verrecchia-cotignac.fr\/wp-content\/uploads\/2020\/11\/scene_chantier1.jpg\" alt=\"\" class=\"wp-image-206\" srcset=\"https:\/\/verrecchia-cotignac.fr\/wp-content\/uploads\/2020\/11\/scene_chantier1.jpg 1000w, https:\/\/verrecchia-cotignac.fr\/wp-content\/uploads\/2020\/11\/scene_chantier1-300x200.jpg 300w, https:\/\/verrecchia-cotignac.fr\/wp-content\/uploads\/2020\/11\/scene_chantier1-768x512.jpg 768w\" sizes=\"(max-width: 1000px) 100vw, 1000px\" \/><\/figure>\n<\/div><\/div>\n\n\n\n<div class=\"wp-block-group alignwide is-layout-flow wp-block-group-is-layout-flow\"><div class=\"wp-block-group__inner-container\">\n<h2 class=\"wp-block-heading has-text-align-center has-accent-color has-text-color\">\u00ab&nbsp;\u00c0 votre \u00e9coute pour concr\u00e9tiser votre projet, nous vous apportons notre exp\u00e9rience et notre expertise.&nbsp;\u00bb<\/h2>\n\n\n\n<figure class=\"wp-block-gallery has-nested-images columns-default is-cropped wp-block-gallery-1 is-layout-flex wp-block-gallery-is-layout-flex\">\n<figure class=\"wp-block-image size-large\"><img loading=\"lazy\" decoding=\"async\" width=\"1000\" height=\"667\" src=\"http:\/\/verrecchia-cotignac.fr\/wp-content\/uploads\/2020\/11\/scene_chantier3.jpg\" alt=\"\" class=\"wp-image-208\" srcset=\"https:\/\/verrecchia-cotignac.fr\/wp-content\/uploads\/2020\/11\/scene_chantier3.jpg 1000w, https:\/\/verrecchia-cotignac.fr\/wp-content\/uploads\/2020\/11\/scene_chantier3-300x200.jpg 300w, https:\/\/verrecchia-cotignac.fr\/wp-content\/uploads\/2020\/11\/scene_chantier3-768x512.jpg 768w\" sizes=\"(max-width: 1000px) 100vw, 1000px\" \/><\/figure>\n\n\n\n<figure class=\"wp-block-image size-large\"><img loading=\"lazy\" decoding=\"async\" width=\"768\" height=\"1024\" src=\"http:\/\/verrecchia-cotignac.fr\/wp-content\/uploads\/2020\/11\/Resized_20180424_114936-768x1024.jpg\" alt=\"\" class=\"wp-image-204\" srcset=\"https:\/\/verrecchia-cotignac.fr\/wp-content\/uploads\/2020\/11\/Resized_20180424_114936-768x1024.jpg 768w, https:\/\/verrecchia-cotignac.fr\/wp-content\/uploads\/2020\/11\/Resized_20180424_114936-225x300.jpg 225w, https:\/\/verrecchia-cotignac.fr\/wp-content\/uploads\/2020\/11\/Resized_20180424_114936.jpg 1125w\" sizes=\"(max-width: 768px) 100vw, 768px\" \/><\/figure>\n<\/figure>\n<\/div><\/div>\n\n\n\n<p><\/p>\n","protected":false},"excerpt":{"rendered":"<p>Verrecchia p\u00e8re et fils, r\u00e9f\u00e9rence qualit\u00e9 depuis 1976 : votre artisan constructeur pour tous vos projets de construction, r\u00e9novation, am\u00e9nagement int\u00e9rieur et terrassement. Notre entreprise familiale \u00e9tablie \u00e0 Cotignac b\u00e9n\u00e9ficie d\u2019une solide r\u00e9putation r\u00e9gionale. Acquise tout au long de plus de quarante ann\u00e9es d\u2019exercice, celle-ci est jalonn\u00e9e de nombreuses r\u00e9alisations et soulign\u00e9e par la satisfaction [&hellip;]<\/p>\n","protected":false},"author":1,"featured_media":0,"parent":0,"menu_order":0,"comment_status":"closed","ping_status":"closed","template":"","meta":{"ocean_post_layout":"","ocean_both_sidebars_style":"","ocean_both_sidebars_content_width":0,"ocean_both_sidebars_sidebars_width":0,"ocean_sidebar":"0","ocean_second_sidebar":"0","ocean_disable_margins":"enable","ocean_add_body_class":"","ocean_shortcode_before_top_bar":"","ocean_shortcode_after_top_bar":"","ocean_shortcode_before_header":"","ocean_shortcode_after_header":"","ocean_has_shortcode":"","ocean_shortcode_after_title":"","ocean_shortcode_before_footer_widgets":"","ocean_shortcode_after_footer_widgets":"","ocean_shortcode_before_footer_bottom":"","ocean_shortcode_after_footer_bottom":"","ocean_display_top_bar":"default","ocean_display_header":"default","ocean_header_style":"","ocean_center_header_left_menu":"0","ocean_custom_header_template":"0","ocean_custom_logo":0,"ocean_custom_retina_logo":0,"ocean_custom_logo_max_width":0,"ocean_custom_logo_tablet_max_width":0,"ocean_custom_logo_mobile_max_width":0,"ocean_custom_logo_max_height":0,"ocean_custom_logo_tablet_max_height":0,"ocean_custom_logo_mobile_max_height":0,"ocean_header_custom_menu":"0","ocean_menu_typo_font_family":"0","ocean_menu_typo_font_subset":"","ocean_menu_typo_font_size":0,"ocean_menu_typo_font_size_tablet":0,"ocean_menu_typo_font_size_mobile":0,"ocean_menu_typo_font_size_unit":"px","ocean_menu_typo_font_weight":"","ocean_menu_typo_font_weight_tablet":"","ocean_menu_typo_font_weight_mobile":"","ocean_menu_typo_transform":"","ocean_menu_typo_transform_tablet":"","ocean_menu_typo_transform_mobile":"","ocean_menu_typo_line_height":0,"ocean_menu_typo_line_height_tablet":0,"ocean_menu_typo_line_height_mobile":0,"ocean_menu_typo_line_height_unit":"","ocean_menu_typo_spacing":0,"ocean_menu_typo_spacing_tablet":0,"ocean_menu_typo_spacing_mobile":0,"ocean_menu_typo_spacing_unit":"","ocean_menu_link_color":"","ocean_menu_link_color_hover":"","ocean_menu_link_color_active":"","ocean_menu_link_background":"","ocean_menu_link_hover_background":"","ocean_menu_link_active_background":"","ocean_menu_social_links_bg":"","ocean_menu_social_hover_links_bg":"","ocean_menu_social_links_color":"","ocean_menu_social_hover_links_color":"","ocean_disable_title":"default","ocean_disable_heading":"default","ocean_post_title":"","ocean_post_subheading":"","ocean_post_title_style":"","ocean_post_title_background_color":"","ocean_post_title_background":0,"ocean_post_title_bg_image_position":"","ocean_post_title_bg_image_attachment":"","ocean_post_title_bg_image_repeat":"","ocean_post_title_bg_image_size":"","ocean_post_title_height":0,"ocean_post_title_bg_overlay":0.5,"ocean_post_title_bg_overlay_color":"","ocean_disable_breadcrumbs":"default","ocean_breadcrumbs_color":"","ocean_breadcrumbs_separator_color":"","ocean_breadcrumbs_links_color":"","ocean_breadcrumbs_links_hover_color":"","ocean_display_footer_widgets":"default","ocean_display_footer_bottom":"default","ocean_custom_footer_template":"0","footnotes":""},"_links":{"self":[{"href":"https:\/\/verrecchia-cotignac.fr\/index.php?rest_route=\/wp\/v2\/pages\/210"}],"collection":[{"href":"https:\/\/verrecchia-cotignac.fr\/index.php?rest_route=\/wp\/v2\/pages"}],"about":[{"href":"https:\/\/verrecchia-cotignac.fr\/index.php?rest_route=\/wp\/v2\/types\/page"}],"author":[{"embeddable":true,"href":"https:\/\/verrecchia-cotignac.fr\/index.php?rest_route=\/wp\/v2\/users\/1"}],"replies":[{"embeddable":true,"href":"https:\/\/verrecchia-cotignac.fr\/index.php?rest_route=%2Fwp%2Fv2%2Fcomments&post=210"}],"version-history":[{"count":8,"href":"https:\/\/verrecchia-cotignac.fr\/index.php?rest_route=\/wp\/v2\/pages\/210\/revisions"}],"predecessor-version":[{"id":451,"href":"https:\/\/verrecchia-cotignac.fr\/index.php?rest_route=\/wp\/v2\/pages\/210\/revisions\/451"}],"wp:attachment":[{"href":"https:\/\/verrecchia-cotignac.fr\/index.php?rest_route=%2Fwp%2Fv2%2Fmedia&parent=210"}],"curies":[{"name":"wp","href":"https:\/\/api.w.org\/{rel}","templated":true}]}}