{"id":278,"date":"2020-11-30T09:17:43","date_gmt":"2020-11-30T08:17:43","guid":{"rendered":"http:\/\/verrecchia-cotignac.fr\/?page_id=278"},"modified":"2020-11-30T09:17:43","modified_gmt":"2020-11-30T08:17:43","slug":"terrassement","status":"publish","type":"page","link":"https:\/\/verrecchia-cotignac.fr\/?page_id=278","title":{"rendered":"TERRASSEMENT"},"content":{"rendered":"\n<p>Quelles qu\u2019en soient les conditions, \u00e9troitesse des surfaces ou difficult\u00e9 de l\u2019acc\u00e8s, nous r\u00e9alisons tous types de terrassement.<\/p>\n\n\n\n<div class=\"wp-block-group\"><div class=\"wp-block-group__inner-container is-layout-flow wp-block-group-is-layout-flow\">\n<figure class=\"wp-block-image size-medium is-style-default\"><img loading=\"lazy\" decoding=\"async\" width=\"225\" height=\"300\" src=\"http:\/\/verrecchia-cotignac.fr\/wp-content\/uploads\/2020\/11\/IMG_0240-225x300.jpg\" alt=\"\" class=\"wp-image-151\" srcset=\"https:\/\/verrecchia-cotignac.fr\/wp-content\/uploads\/2020\/11\/IMG_0240-225x300.jpg 225w, https:\/\/verrecchia-cotignac.fr\/wp-content\/uploads\/2020\/11\/IMG_0240-768x1024.jpg 768w, https:\/\/verrecchia-cotignac.fr\/wp-content\/uploads\/2020\/11\/IMG_0240.jpg 1125w\" sizes=\"(max-width: 225px) 100vw, 225px\" \/><\/figure>\n\n\n\n<p>Am\u00e9nager les voiries et r\u00e9seaux divers, ou VRD, profiler un terrain, creuser, remblayer : confiez-nous vos travaux. Ensemble nous pr\u00e9ciserons la finition que vous souhaitez obtenir et nous d\u00e9terminerons les modalit\u00e9s d\u2019intervention de nos \u00e9quipes.<\/p>\n<\/div><\/div>\n\n\n\n<figure class=\"wp-block-image size-medium is-resized is-style-default\"><img loading=\"lazy\" decoding=\"async\" src=\"http:\/\/verrecchia-cotignac.fr\/wp-content\/uploads\/2020\/11\/IMG_0205-225x300.jpg\" alt=\"\" class=\"wp-image-143\" width=\"169\" height=\"225\" srcset=\"https:\/\/verrecchia-cotignac.fr\/wp-content\/uploads\/2020\/11\/IMG_0205-225x300.jpg 225w, https:\/\/verrecchia-cotignac.fr\/wp-content\/uploads\/2020\/11\/IMG_0205-768x1024.jpg 768w, https:\/\/verrecchia-cotignac.fr\/wp-content\/uploads\/2020\/11\/IMG_0205.jpg 1125w\" sizes=\"(max-width: 169px) 100vw, 169px\" \/><\/figure>\n\n\n\n<blockquote class=\"wp-block-quote\"><p>Nos outils et nos techniques s\u2019adaptent \u00e0 vos besoins comme \u00e0 votre terrain.<\/p><\/blockquote>\n\n\n\n<figure class=\"wp-block-image size-large is-style-default\"><img loading=\"lazy\" decoding=\"async\" width=\"768\" height=\"1024\" src=\"http:\/\/verrecchia-cotignac.fr\/wp-content\/uploads\/2020\/11\/20171227_161236-768x1024.jpg\" alt=\"\" class=\"wp-image-76\" srcset=\"https:\/\/verrecchia-cotignac.fr\/wp-content\/uploads\/2020\/11\/20171227_161236-768x1024.jpg 768w, https:\/\/verrecchia-cotignac.fr\/wp-content\/uploads\/2020\/11\/20171227_161236-225x300.jpg 225w, https:\/\/verrecchia-cotignac.fr\/wp-content\/uploads\/2020\/11\/20171227_161236.jpg 1125w\" sizes=\"(max-width: 768px) 100vw, 768px\" \/><\/figure>\n","protected":false},"excerpt":{"rendered":"<p>Quelles qu\u2019en soient les conditions, \u00e9troitesse des surfaces ou difficult\u00e9 de l\u2019acc\u00e8s, nous r\u00e9alisons tous types de terrassement. Am\u00e9nager les voiries et r\u00e9seaux divers, ou VRD, profiler un terrain, creuser, remblayer : confiez-nous vos travaux. Ensemble nous pr\u00e9ciserons la finition que vous souhaitez obtenir et nous d\u00e9terminerons les modalit\u00e9s d\u2019intervention de nos \u00e9quipes. Nos outils [&hellip;]<\/p>\n","protected":false},"author":1,"featured_media":0,"parent":0,"menu_order":0,"comment_status":"closed","ping_status":"closed","template":"","meta":{"ocean_post_layout":"","ocean_both_sidebars_style":"","ocean_both_sidebars_content_width":0,"ocean_both_sidebars_sidebars_width":0,"ocean_sidebar":"","ocean_second_sidebar":"","ocean_disable_margins":"enable","ocean_add_body_class":"","ocean_shortcode_before_top_bar":"","ocean_shortcode_after_top_bar":"","ocean_shortcode_before_header":"","ocean_shortcode_after_header":"","ocean_has_shortcode":"","ocean_shortcode_after_title":"","ocean_shortcode_before_footer_widgets":"","ocean_shortcode_after_footer_widgets":"","ocean_shortcode_before_footer_bottom":"","ocean_shortcode_after_footer_bottom":"","ocean_display_top_bar":"default","ocean_display_header":"default","ocean_header_style":"","ocean_center_header_left_menu":"","ocean_custom_header_template":"","ocean_custom_logo":0,"ocean_custom_retina_logo":0,"ocean_custom_logo_max_width":0,"ocean_custom_logo_tablet_max_width":0,"ocean_custom_logo_mobile_max_width":0,"ocean_custom_logo_max_height":0,"ocean_custom_logo_tablet_max_height":0,"ocean_custom_logo_mobile_max_height":0,"ocean_header_custom_menu":"","ocean_menu_typo_font_family":"","ocean_menu_typo_font_subset":"","ocean_menu_typo_font_size":0,"ocean_menu_typo_font_size_tablet":0,"ocean_menu_typo_font_size_mobile":0,"ocean_menu_typo_font_size_unit":"px","ocean_menu_typo_font_weight":"","ocean_menu_typo_font_weight_tablet":"","ocean_menu_typo_font_weight_mobile":"","ocean_menu_typo_transform":"","ocean_menu_typo_transform_tablet":"","ocean_menu_typo_transform_mobile":"","ocean_menu_typo_line_height":0,"ocean_menu_typo_line_height_tablet":0,"ocean_menu_typo_line_height_mobile":0,"ocean_menu_typo_line_height_unit":"","ocean_menu_typo_spacing":0,"ocean_menu_typo_spacing_tablet":0,"ocean_menu_typo_spacing_mobile":0,"ocean_menu_typo_spacing_unit":"","ocean_menu_link_color":"","ocean_menu_link_color_hover":"","ocean_menu_link_color_active":"","ocean_menu_link_background":"","ocean_menu_link_hover_background":"","ocean_menu_link_active_background":"","ocean_menu_social_links_bg":"","ocean_menu_social_hover_links_bg":"","ocean_menu_social_links_color":"","ocean_menu_social_hover_links_color":"","ocean_disable_title":"default","ocean_disable_heading":"default","ocean_post_title":"","ocean_post_subheading":"","ocean_post_title_style":"","ocean_post_title_background_color":"","ocean_post_title_background":0,"ocean_post_title_bg_image_position":"","ocean_post_title_bg_image_attachment":"","ocean_post_title_bg_image_repeat":"","ocean_post_title_bg_image_size":"","ocean_post_title_height":0,"ocean_post_title_bg_overlay":0.5,"ocean_post_title_bg_overlay_color":"","ocean_disable_breadcrumbs":"default","ocean_breadcrumbs_color":"","ocean_breadcrumbs_separator_color":"","ocean_breadcrumbs_links_color":"","ocean_breadcrumbs_links_hover_color":"","ocean_display_footer_widgets":"default","ocean_display_footer_bottom":"default","ocean_custom_footer_template":"","footnotes":""},"_links":{"self":[{"href":"https:\/\/verrecchia-cotignac.fr\/index.php?rest_route=\/wp\/v2\/pages\/278"}],"collection":[{"href":"https:\/\/verrecchia-cotignac.fr\/index.php?rest_route=\/wp\/v2\/pages"}],"about":[{"href":"https:\/\/verrecchia-cotignac.fr\/index.php?rest_route=\/wp\/v2\/types\/page"}],"author":[{"embeddable":true,"href":"https:\/\/verrecchia-cotignac.fr\/index.php?rest_route=\/wp\/v2\/users\/1"}],"replies":[{"embeddable":true,"href":"https:\/\/verrecchia-cotignac.fr\/index.php?rest_route=%2Fwp%2Fv2%2Fcomments&post=278"}],"version-history":[{"count":1,"href":"https:\/\/verrecchia-cotignac.fr\/index.php?rest_route=\/wp\/v2\/pages\/278\/revisions"}],"predecessor-version":[{"id":280,"href":"https:\/\/verrecchia-cotignac.fr\/index.php?rest_route=\/wp\/v2\/pages\/278\/revisions\/280"}],"wp:attachment":[{"href":"https:\/\/verrecchia-cotignac.fr\/index.php?rest_route=%2Fwp%2Fv2%2Fmedia&parent=278"}],"curies":[{"name":"wp","href":"https:\/\/api.w.org\/{rel}","templated":true}]}}