{"id":292,"date":"2020-11-30T09:34:02","date_gmt":"2020-11-30T08:34:02","guid":{"rendered":"http:\/\/verrecchia-cotignac.fr\/?page_id=292"},"modified":"2020-12-02T11:49:33","modified_gmt":"2020-12-02T10:49:33","slug":"develloper-son-projet","status":"publish","type":"page","link":"https:\/\/verrecchia-cotignac.fr\/?page_id=292","title":{"rendered":"DEVELOPPER SON PROJET"},"content":{"rendered":"\n<p>Personnaliser votre projet et vous accompagner dans sa r\u00e9alisation est notre objectif.<\/p>\n\n\n\n<p>Pour votre projet de construction, vous aurez besoin d\u2019un terrain, de plans, d\u2019un ma\u00eetre d\u2019\u0153uvre, d\u2019artisans de diff\u00e9rents corps de m\u00e9tier\u2026 de conseils aussi, sans doute. Nous sommes \u00e0 votre \u00e9coute pour en d\u00e9finir avec vous les diff\u00e9rentes facettes et vous apporter la solution dont vous avez besoin.<\/p>\n\n\n\n<p>Si ce n\u2019est d\u00e9j\u00e0 fait, vous pouvez d\u2019ores et d\u00e9j\u00e0 vous poser la question suivante : comment souhaitez-vous vivre dans votre maison ? Deux, trois, quatre chambres, ou plus ? Un sous-sol, un cellier, un bureau ? Une cuisine ouverte sur l\u2019espace de vie ? Une ou deux salles de bain ? Baignoire ou douche ?<\/p>\n\n\n\n<p>Autant de points essentiels pour d\u00e9finir votre projet.<\/p>\n\n\n\n<p>Trouver un terrain, r\u00e9aliser les plans, constituer le dossier de permis de construire\u2026 Nous mettons \u00e0 votre disposition notre r\u00e9seau de professionnels pour vous aider dans ces \u00e9tapes fondatrices.<\/p>\n\n\n\n<figure class=\"wp-block-image size-large is-style-default\"><img loading=\"lazy\" decoding=\"async\" width=\"1024\" height=\"575\" src=\"http:\/\/verrecchia-cotignac.fr\/wp-content\/uploads\/2020\/11\/DSC03047-1024x575.jpg\" alt=\"\" class=\"wp-image-113\" srcset=\"https:\/\/verrecchia-cotignac.fr\/wp-content\/uploads\/2020\/11\/DSC03047-1024x575.jpg 1024w, https:\/\/verrecchia-cotignac.fr\/wp-content\/uploads\/2020\/11\/DSC03047-300x168.jpg 300w, https:\/\/verrecchia-cotignac.fr\/wp-content\/uploads\/2020\/11\/DSC03047-768x431.jpg 768w, https:\/\/verrecchia-cotignac.fr\/wp-content\/uploads\/2020\/11\/DSC03047-1536x862.jpg 1536w, https:\/\/verrecchia-cotignac.fr\/wp-content\/uploads\/2020\/11\/DSC03047-1200x674.jpg 1200w, https:\/\/verrecchia-cotignac.fr\/wp-content\/uploads\/2020\/11\/DSC03047-1980x1112.jpg 1980w, https:\/\/verrecchia-cotignac.fr\/wp-content\/uploads\/2020\/11\/DSC03047.jpg 2000w\" sizes=\"(max-width: 1024px) 100vw, 1024px\" \/><\/figure>\n","protected":false},"excerpt":{"rendered":"<p>Personnaliser votre projet et vous accompagner dans sa r\u00e9alisation est notre objectif. Pour votre projet de construction, vous aurez besoin d\u2019un terrain, de plans, d\u2019un ma\u00eetre d\u2019\u0153uvre, d\u2019artisans de diff\u00e9rents corps de m\u00e9tier\u2026 de conseils aussi, sans doute. Nous sommes \u00e0 votre \u00e9coute pour en d\u00e9finir avec vous les diff\u00e9rentes facettes et vous apporter la [&hellip;]<\/p>\n","protected":false},"author":1,"featured_media":0,"parent":0,"menu_order":0,"comment_status":"closed","ping_status":"closed","template":"","meta":{"ocean_post_layout":"","ocean_both_sidebars_style":"","ocean_both_sidebars_content_width":0,"ocean_both_sidebars_sidebars_width":0,"ocean_sidebar":"0","ocean_second_sidebar":"0","ocean_disable_margins":"enable","ocean_add_body_class":"","ocean_shortcode_before_top_bar":"","ocean_shortcode_after_top_bar":"","ocean_shortcode_before_header":"","ocean_shortcode_after_header":"","ocean_has_shortcode":"","ocean_shortcode_after_title":"","ocean_shortcode_before_footer_widgets":"","ocean_shortcode_after_footer_widgets":"","ocean_shortcode_before_footer_bottom":"","ocean_shortcode_after_footer_bottom":"","ocean_display_top_bar":"default","ocean_display_header":"default","ocean_header_style":"","ocean_center_header_left_menu":"0","ocean_custom_header_template":"0","ocean_custom_logo":0,"ocean_custom_retina_logo":0,"ocean_custom_logo_max_width":0,"ocean_custom_logo_tablet_max_width":0,"ocean_custom_logo_mobile_max_width":0,"ocean_custom_logo_max_height":0,"ocean_custom_logo_tablet_max_height":0,"ocean_custom_logo_mobile_max_height":0,"ocean_header_custom_menu":"0","ocean_menu_typo_font_family":"0","ocean_menu_typo_font_subset":"","ocean_menu_typo_font_size":0,"ocean_menu_typo_font_size_tablet":0,"ocean_menu_typo_font_size_mobile":0,"ocean_menu_typo_font_size_unit":"px","ocean_menu_typo_font_weight":"","ocean_menu_typo_font_weight_tablet":"","ocean_menu_typo_font_weight_mobile":"","ocean_menu_typo_transform":"","ocean_menu_typo_transform_tablet":"","ocean_menu_typo_transform_mobile":"","ocean_menu_typo_line_height":0,"ocean_menu_typo_line_height_tablet":0,"ocean_menu_typo_line_height_mobile":0,"ocean_menu_typo_line_height_unit":"","ocean_menu_typo_spacing":0,"ocean_menu_typo_spacing_tablet":0,"ocean_menu_typo_spacing_mobile":0,"ocean_menu_typo_spacing_unit":"","ocean_menu_link_color":"","ocean_menu_link_color_hover":"","ocean_menu_link_color_active":"","ocean_menu_link_background":"","ocean_menu_link_hover_background":"","ocean_menu_link_active_background":"","ocean_menu_social_links_bg":"","ocean_menu_social_hover_links_bg":"","ocean_menu_social_links_color":"","ocean_menu_social_hover_links_color":"","ocean_disable_title":"default","ocean_disable_heading":"default","ocean_post_title":"","ocean_post_subheading":"","ocean_post_title_style":"","ocean_post_title_background_color":"","ocean_post_title_background":0,"ocean_post_title_bg_image_position":"","ocean_post_title_bg_image_attachment":"","ocean_post_title_bg_image_repeat":"","ocean_post_title_bg_image_size":"","ocean_post_title_height":0,"ocean_post_title_bg_overlay":0.5,"ocean_post_title_bg_overlay_color":"","ocean_disable_breadcrumbs":"default","ocean_breadcrumbs_color":"","ocean_breadcrumbs_separator_color":"","ocean_breadcrumbs_links_color":"","ocean_breadcrumbs_links_hover_color":"","ocean_display_footer_widgets":"default","ocean_display_footer_bottom":"default","ocean_custom_footer_template":"0","footnotes":""},"_links":{"self":[{"href":"https:\/\/verrecchia-cotignac.fr\/index.php?rest_route=\/wp\/v2\/pages\/292"}],"collection":[{"href":"https:\/\/verrecchia-cotignac.fr\/index.php?rest_route=\/wp\/v2\/pages"}],"about":[{"href":"https:\/\/verrecchia-cotignac.fr\/index.php?rest_route=\/wp\/v2\/types\/page"}],"author":[{"embeddable":true,"href":"https:\/\/verrecchia-cotignac.fr\/index.php?rest_route=\/wp\/v2\/users\/1"}],"replies":[{"embeddable":true,"href":"https:\/\/verrecchia-cotignac.fr\/index.php?rest_route=%2Fwp%2Fv2%2Fcomments&post=292"}],"version-history":[{"count":2,"href":"https:\/\/verrecchia-cotignac.fr\/index.php?rest_route=\/wp\/v2\/pages\/292\/revisions"}],"predecessor-version":[{"id":342,"href":"https:\/\/verrecchia-cotignac.fr\/index.php?rest_route=\/wp\/v2\/pages\/292\/revisions\/342"}],"wp:attachment":[{"href":"https:\/\/verrecchia-cotignac.fr\/index.php?rest_route=%2Fwp%2Fv2%2Fmedia&parent=292"}],"curies":[{"name":"wp","href":"https:\/\/api.w.org\/{rel}","templated":true}]}}